{"id":316,"date":"2025-05-30T10:59:28","date_gmt":"2025-05-30T13:59:28","guid":{"rendered":"https:\/\/www.pontti.com.br\/layouts\/layout6\/donate\/"},"modified":"2025-05-30T10:59:31","modified_gmt":"2025-05-30T13:59:31","slug":"donate","status":"publish","type":"page","link":"https:\/\/www.pontti.com.br\/layouts\/layout6\/donate\/","title":{"rendered":"Donate"},"content":{"rendered":"\t\t<div data-elementor-type=\"wp-page\" data-elementor-id=\"316\" class=\"elementor elementor-316\">\n\t\t\t\t<div class=\"elementor-element elementor-element-11e4a77 e-flex e-con-boxed e-con e-parent\" data-id=\"11e4a77\" data-element_type=\"container\" data-settings=\"{&quot;background_background&quot;:&quot;classic&quot;}\">\n\t\t\t\t\t<div class=\"e-con-inner\">\n\t\t\t\t<div class=\"elementor-element elementor-element-b27b95c elementor-widget elementor-widget-image-box\" data-id=\"b27b95c\" data-element_type=\"widget\" data-widget_type=\"image-box.default\">\n\t\t\t\t<div class=\"elementor-widget-container\">\n\t\t\t\t\t<div class=\"elementor-image-box-wrapper\"><div class=\"elementor-image-box-content\"><h1 class=\"elementor-image-box-title\">Contribua Agora<\/h1><p class=\"elementor-image-box-description\">Sua doa\u00e7\u00e3o ajuda a melhorar nossos servi\u00e7os de climatiza\u00e7\u00e3o para todos os ambientes.<\/p><\/div><\/div>\t\t\t\t<\/div>\n\t\t\t\t<\/div>\n\t\t\t\t\t<\/div>\n\t\t\t\t<\/div>\n\t\t<div class=\"elementor-element elementor-element-79becb0 e-flex e-con-boxed e-con e-parent\" data-id=\"79becb0\" data-element_type=\"container\" data-settings=\"{&quot;background_background&quot;:&quot;classic&quot;}\">\n\t\t\t\t\t<div class=\"e-con-inner\">\n\t\t<div class=\"elementor-element elementor-element-84a36ce e-con-full e-flex e-con e-child\" data-id=\"84a36ce\" data-element_type=\"container\" data-settings=\"{&quot;background_background&quot;:&quot;classic&quot;}\">\n\t\t\t\t<div class=\"elementor-element elementor-element-a8ff55b elementor-widget elementor-widget-heading\" data-id=\"a8ff55b\" data-element_type=\"widget\" data-widget_type=\"heading.default\">\n\t\t\t\t<div class=\"elementor-widget-container\">\n\t\t\t\t\t<h2 class=\"elementor-heading-title elementor-size-default\">Doe Hoje<\/h2>\t\t\t\t<\/div>\n\t\t\t\t<\/div>\n\t\t\t\t<div class=\"elementor-element elementor-element-ce748ce elementor-widget elementor-widget-shortcode\" data-id=\"ce748ce\" data-element_type=\"widget\" data-widget_type=\"shortcode.default\">\n\t\t\t\t<div class=\"elementor-widget-container\">\n\t\t\t\t\t\t\t<div class=\"elementor-shortcode\"><sc-checkout\n\tclass=\"checkout\"\n\tid=\"sc-checkout-416\"\n\tclass=\"\"\n\tstyle=\"text-align: left;--sc-form-row-spacing: 25px;--sc-color-primary-500: #66b40b;--sc-focus-ring-color-primary: #66b40b;--sc-input-border-color-focus: #66b40b;\"\n\tmodified=\"2025-05-30 13:59:28\"\n\talignment=\"\"\n\tsuccess-url=\"\"\n>\n\t<sc-form>\n\t\t\t\t\t<sc-checkbox name=\"get_feedback\" value=\"Feedback\" style=\"display: none !important;\"><\/sc-checkbox>\n\t\t\t\t\nPor favor, conecte seu site ao SureCart.\n\n\n<sc-express-payment divider-text=\"or\" class=\"wp-block-surecart-express-payment\"><\/sc-express-payment>\n\n\n\n<div class=\"wp-block-surecart-columns is-layout-flex wp-block-surecart-columns-is-layout-flex\">\n<div class=\"wp-block-surecart-column\">\n\t\t<sc-customer-email\n\t\t\tclass=\"\"\n\t\t\tlabel=\"Email\"\n\t\t\t\t\t\t\t\t\t\t\t\t\t\t\trequired\n\t\t\tautocomplete='email'\n\t\t\tinputmode='email'\n\t\t>\n\t\t<\/sc-customer-email>\n\n\t\t<\/div>\n\n\n\n<div class=\"wp-block-surecart-column\">\n<sc-customer-name label=\"Name\" class=\"wp-block-surecart-name\"><\/sc-customer-name>\n<\/div>\n<\/div>\n\n\n\n\t\t<sc-payment\n\t\t\tid=\"sc-payment-0\"\n\t\t\tclass=\"\"\n\t\t>\n\t\t\t\t\t\t\t<sc-stripe-payment-element slot=\"stripe\"><\/sc-stripe-payment-element>\n\t\t\t\t\t<\/sc-payment>\n\t\t\n\n\n<sc-order-summary collapsible=\"1\" collapsed-on-desktop=\"1\" order-summary-text=\"Summary\" invoice-summary-text=\"Invoice Summary\" collapsed-on-mobile=\"1\" class=\"wp-block-surecart-totals\">\n<sc-divider><\/sc-divider>\n\n\n\n<sc-line-items removable=\"1\" editable=\"1\" class=\"wp-block-surecart-line-items\"><\/sc-line-items>\n\n\n\n<sc-divider><\/sc-divider>\n\n\n\n<sc-line-item-total total=\"subtotal\" class=\"wp-block-surecart-subtotal\"><span slot=\"description\">Subtotal<\/span><span slot=\"total-payments-description\">Total Installment Payments<\/span><span slot=\"first-payment-subtotal-description\">Initial Payment<\/span><\/sc-line-item-total>\n\n\n<sc-line-item-trial class=\"wp-block-surecart-trial-line-item\" label=\"Trial\"><\/sc-line-item-trial>\n\n\t\t<sc-order-coupon-form\n\t\t\tlabel=\"Add Coupon Code\"\n\t\t\tplaceholder=\"Enter coupon code\"\n\t\t\tbutton-text=\"Apply Coupon\"\n\t\t\tcollapsed>\n\t\t<\/sc-order-coupon-form>\n\t\t\n\n\n<sc-line-item-tax class=\"wp-block-surecart-tax-line-item\"><\/sc-line-item-tax>\n\n\n\n<sc-divider><\/sc-divider>\n\n\n\n<sc-line-item-total total=\"total\" size=\"large\" show-currency=\"1\" class=\"wp-block-surecart-total\"><span slot=\"title\">Total<\/span><span slot=\"subscription-title\">Total Due Today<\/span><span slot=\"first-payment-total-description\">Subtotal<\/span><span slot=\"free-trial-description\">Trial<\/span><span slot=\"due-amount-description\">Amount Due<\/span><\/sc-line-item-total>\n<\/sc-order-summary>\n\n\n\n<sc-order-submit type=\"primary\" full=\"true\" size=\"large\" icon=\"lock\" show-total=\"true\" secure-notice=\"true\" secure-notice-text=\"This is a secure, encrypted payment.\" class=\"wp-block-surecart-submit\">Donate<\/sc-order-submit>\n\n\t<\/sc-form>\n<\/sc-checkout>\n<\/div>\n\t\t\t\t\t\t<\/div>\n\t\t\t\t<\/div>\n\t\t\t\t<\/div>\n\t\t\t\t\t<\/div>\n\t\t\t\t<\/div>\n\t\t\t\t<\/div>\n\t\t","protected":false},"excerpt":{"rendered":"","protected":false},"author":1,"featured_media":0,"parent":0,"menu_order":0,"comment_status":"closed","ping_status":"closed","template":"","meta":{"_surecart_dashboard_logo_width":"180px","_surecart_dashboard_show_logo":true,"_surecart_dashboard_navigation_orders":true,"_surecart_dashboard_navigation_invoices":true,"_surecart_dashboard_navigation_subscriptions":true,"_surecart_dashboard_navigation_downloads":true,"_surecart_dashboard_navigation_billing":true,"_surecart_dashboard_navigation_account":true,"site-sidebar-layout":"no-sidebar","site-content-layout":"","ast-site-content-layout":"full-width-container","site-content-style":"unboxed","site-sidebar-style":"unboxed","ast-global-header-display":"","ast-banner-title-visibility":"","ast-main-header-display":"","ast-hfb-above-header-display":"","ast-hfb-below-header-display":"","ast-hfb-mobile-header-display":"","site-post-title":"disabled","ast-breadcrumbs-content":"","ast-featured-img":"disabled","footer-sml-layout":"","theme-transparent-header-meta":"enabled","adv-header-id-meta":"","stick-header-meta":"","header-above-stick-meta":"","header-main-stick-meta":"","header-below-stick-meta":"","astra-migrate-meta-layouts":"default","ast-page-background-enabled":"default","ast-page-background-meta":{"desktop":{"background-color":"var(--ast-global-color-5)","background-image":"","background-repeat":"repeat","background-position":"center center","background-size":"auto","background-attachment":"scroll","background-type":"","background-media":"","overlay-type":"","overlay-color":"","overlay-opacity":"","overlay-gradient":""},"tablet":{"background-color":"","background-image":"","background-repeat":"repeat","background-position":"center center","background-size":"auto","background-attachment":"scroll","background-type":"","background-media":"","overlay-type":"","overlay-color":"","overlay-opacity":"","overlay-gradient":""},"mobile":{"background-color":"","background-image":"","background-repeat":"repeat","background-position":"center center","background-size":"auto","background-attachment":"scroll","background-type":"","background-media":"","overlay-type":"","overlay-color":"","overlay-opacity":"","overlay-gradient":""}},"ast-content-background-meta":{"desktop":{"background-color":"var(--ast-global-color-4)","background-image":"","background-repeat":"repeat","background-position":"center center","background-size":"auto","background-attachment":"scroll","background-type":"","background-media":"","overlay-type":"","overlay-color":"","overlay-opacity":"","overlay-gradient":""},"tablet":{"background-color":"var(--ast-global-color-4)","background-image":"","background-repeat":"repeat","background-position":"center center","background-size":"auto","background-attachment":"scroll","background-type":"","background-media":"","overlay-type":"","overlay-color":"","overlay-opacity":"","overlay-gradient":""},"mobile":{"background-color":"var(--ast-global-color-4)","background-image":"","background-repeat":"repeat","background-position":"center center","background-size":"auto","background-attachment":"scroll","background-type":"","background-media":"","overlay-type":"","overlay-color":"","overlay-opacity":"","overlay-gradient":""}},"footnotes":""},"class_list":["post-316","page","type-page","status-publish","hentry"],"_links":{"self":[{"href":"https:\/\/www.pontti.com.br\/layouts\/layout6\/wp-json\/wp\/v2\/pages\/316","targetHints":{"allow":["GET"]}}],"collection":[{"href":"https:\/\/www.pontti.com.br\/layouts\/layout6\/wp-json\/wp\/v2\/pages"}],"about":[{"href":"https:\/\/www.pontti.com.br\/layouts\/layout6\/wp-json\/wp\/v2\/types\/page"}],"author":[{"embeddable":true,"href":"https:\/\/www.pontti.com.br\/layouts\/layout6\/wp-json\/wp\/v2\/users\/1"}],"replies":[{"embeddable":true,"href":"https:\/\/www.pontti.com.br\/layouts\/layout6\/wp-json\/wp\/v2\/comments?post=316"}],"version-history":[{"count":1,"href":"https:\/\/www.pontti.com.br\/layouts\/layout6\/wp-json\/wp\/v2\/pages\/316\/revisions"}],"predecessor-version":[{"id":421,"href":"https:\/\/www.pontti.com.br\/layouts\/layout6\/wp-json\/wp\/v2\/pages\/316\/revisions\/421"}],"wp:attachment":[{"href":"https:\/\/www.pontti.com.br\/layouts\/layout6\/wp-json\/wp\/v2\/media?parent=316"}],"curies":[{"name":"wp","href":"https:\/\/api.w.org\/{rel}","templated":true}]}}